{"id":1564,"date":"2025-11-01T20:34:17","date_gmt":"2025-11-01T19:34:17","guid":{"rendered":"https:\/\/lunedesfleurs.fr\/?post_type=product&#038;p=1564"},"modified":"2025-11-02T23:37:17","modified_gmt":"2025-11-02T22:37:17","slug":"bulle-feerique-gnomes","status":"publish","type":"product","link":"https:\/\/lunedesfleurs.fr\/index.php\/produit\/bulle-feerique-gnomes\/","title":{"rendered":"Bulle f\u00e9\u00e9rique Gnomes"},"content":{"rendered":"<p>Monde f\u00e9\u00e9rique mis en jarre<\/p>\n<p>El\u00e9ments : Gnome fait main en p\u00e2te autodurcissante et acrylique<\/p>\n<p>avec LED.<\/p>\n<p>Pi\u00e8ce unique.<\/p>\n<p>Id\u00e9al d\u00e9coration int\u00e9rieur, bureau.<\/p>\n<p>Cadeau original, enfants, anniversaire, no\u00ebl.<\/p>\n<p>&nbsp;<\/p>\n<p>atelier@lunedesfleurs.fr<\/p>\n","protected":false},"excerpt":{"rendered":"<p>Monde f\u00e9\u00e9rique mis en jarre<\/p>\n<p>El\u00e9ments : Gnome fait main en p\u00e2te autodurcissante et acrylique<\/p>\n<p>avec LED.<\/p>\n<p>hauteur 30 cm environ<\/p>\n","protected":false},"featured_media":1661,"comment_status":"open","ping_status":"closed","template":"","meta":[],"product_brand":[],"product_cat":[32,31],"product_tag":[],"class_list":{"0":"post-1564","1":"product","2":"type-product","3":"status-publish","4":"has-post-thumbnail","6":"product_cat-bulle-feerique","7":"product_cat-monde-feerique","9":"first","10":"instock","11":"sold-individually","12":"shipping-taxable","13":"purchasable","14":"product-type-variable"},"yoast_head":"<!-- This site is optimized with the Yoast SEO plugin v26.8 - https:\/\/yoast.com\/product\/yoast-seo-wordpress\/ -->\n<title>Bulle f\u00e9\u00e9rique Gnomes - Lune des Fleurs<\/title>\n<meta name=\"robots\" content=\"index, follow, max-snippet:-1, max-image-preview:large, max-video-preview:-1\" \/>\n<link rel=\"canonical\" href=\"https:\/\/lunedesfleurs.fr\/index.php\/produit\/bulle-feerique-gnomes\/\" \/>\n<meta property=\"og:locale\" content=\"fr_FR\" \/>\n<meta property=\"og:type\" content=\"article\" \/>\n<meta property=\"og:title\" content=\"Bulle f\u00e9\u00e9rique Gnomes - Lune des Fleurs\" \/>\n<meta property=\"og:description\" content=\"Monde f\u00e9\u00e9rique mis en jarre  El\u00e9ments : Gnome fait main en p\u00e2te autodurcissante et acrylique  avec LED.  hauteur 30 cm environ\" \/>\n<meta property=\"og:url\" content=\"https:\/\/lunedesfleurs.fr\/index.php\/produit\/bulle-feerique-gnomes\/\" \/>\n<meta property=\"og:site_name\" content=\"Lune des Fleurs\" \/>\n<meta property=\"article:publisher\" content=\"https:\/\/www.facebook.com\/lunedesfleurs.fr\" \/>\n<meta property=\"article:modified_time\" content=\"2025-11-02T22:37:17+00:00\" \/>\n<meta property=\"og:image\" content=\"https:\/\/lunedesfleurs.fr\/wp-content\/uploads\/2025\/10\/gnome-vert-scaled.jpg\" \/>\n\t<meta property=\"og:image:width\" content=\"2560\" \/>\n\t<meta property=\"og:image:height\" content=\"2179\" \/>\n\t<meta property=\"og:image:type\" content=\"image\/jpeg\" \/>\n<meta name=\"twitter:card\" content=\"summary_large_image\" \/>\n<script type=\"application\/ld+json\" class=\"yoast-schema-graph\">{\"@context\":\"https:\/\/schema.org\",\"@graph\":[{\"@type\":\"WebPage\",\"@id\":\"https:\/\/lunedesfleurs.fr\/index.php\/produit\/bulle-feerique-gnomes\/\",\"url\":\"https:\/\/lunedesfleurs.fr\/index.php\/produit\/bulle-feerique-gnomes\/\",\"name\":\"Bulle f\u00e9\u00e9rique Gnomes - Lune des Fleurs\",\"isPartOf\":{\"@id\":\"https:\/\/lunedesfleurs.fr\/#website\"},\"primaryImageOfPage\":{\"@id\":\"https:\/\/lunedesfleurs.fr\/index.php\/produit\/bulle-feerique-gnomes\/#primaryimage\"},\"image\":{\"@id\":\"https:\/\/lunedesfleurs.fr\/index.php\/produit\/bulle-feerique-gnomes\/#primaryimage\"},\"thumbnailUrl\":\"https:\/\/lunedesfleurs.fr\/wp-content\/uploads\/2025\/10\/gnome-vert-scaled.jpg\",\"datePublished\":\"2025-11-01T19:34:17+00:00\",\"dateModified\":\"2025-11-02T22:37:17+00:00\",\"breadcrumb\":{\"@id\":\"https:\/\/lunedesfleurs.fr\/index.php\/produit\/bulle-feerique-gnomes\/#breadcrumb\"},\"inLanguage\":\"fr-FR\",\"potentialAction\":[{\"@type\":\"ReadAction\",\"target\":[\"https:\/\/lunedesfleurs.fr\/index.php\/produit\/bulle-feerique-gnomes\/\"]}]},{\"@type\":\"ImageObject\",\"inLanguage\":\"fr-FR\",\"@id\":\"https:\/\/lunedesfleurs.fr\/index.php\/produit\/bulle-feerique-gnomes\/#primaryimage\",\"url\":\"https:\/\/lunedesfleurs.fr\/wp-content\/uploads\/2025\/10\/gnome-vert-scaled.jpg\",\"contentUrl\":\"https:\/\/lunedesfleurs.fr\/wp-content\/uploads\/2025\/10\/gnome-vert-scaled.jpg\",\"width\":2560,\"height\":2179,\"caption\":\"Bulle f\u00e9\u00e9rique en jarre avec gnome vert fait main\"},{\"@type\":\"BreadcrumbList\",\"@id\":\"https:\/\/lunedesfleurs.fr\/index.php\/produit\/bulle-feerique-gnomes\/#breadcrumb\",\"itemListElement\":[{\"@type\":\"ListItem\",\"position\":1,\"name\":\"Accueil\",\"item\":\"https:\/\/lunedesfleurs.fr\/\"},{\"@type\":\"ListItem\",\"position\":2,\"name\":\"Boutique\",\"item\":\"https:\/\/lunedesfleurs.fr\/index.php\/boutique\/\"},{\"@type\":\"ListItem\",\"position\":3,\"name\":\"Bulle f\u00e9\u00e9rique Gnomes\"}]},{\"@type\":\"WebSite\",\"@id\":\"https:\/\/lunedesfleurs.fr\/#website\",\"url\":\"https:\/\/lunedesfleurs.fr\/\",\"name\":\"Lune des Fleurs\",\"description\":\"Cr\u00e9ations fran\u00e7aises - Fait main avec C\u0153ur, Intention et un soup\u00e7on de Magie\",\"publisher\":{\"@id\":\"https:\/\/lunedesfleurs.fr\/#organization\"},\"potentialAction\":[{\"@type\":\"SearchAction\",\"target\":{\"@type\":\"EntryPoint\",\"urlTemplate\":\"https:\/\/lunedesfleurs.fr\/?s={search_term_string}\"},\"query-input\":{\"@type\":\"PropertyValueSpecification\",\"valueRequired\":true,\"valueName\":\"search_term_string\"}}],\"inLanguage\":\"fr-FR\"},{\"@type\":\"Organization\",\"@id\":\"https:\/\/lunedesfleurs.fr\/#organization\",\"name\":\"Lune des Fleurs\",\"url\":\"https:\/\/lunedesfleurs.fr\/\",\"logo\":{\"@type\":\"ImageObject\",\"inLanguage\":\"fr-FR\",\"@id\":\"https:\/\/lunedesfleurs.fr\/#\/schema\/logo\/image\/\",\"url\":\"https:\/\/lunedesfleurs.fr\/wp-content\/uploads\/2025\/11\/LDF_LOGO_HORIZ_RVB_BN_F_TRANS-scaled.png\",\"contentUrl\":\"https:\/\/lunedesfleurs.fr\/wp-content\/uploads\/2025\/11\/LDF_LOGO_HORIZ_RVB_BN_F_TRANS-scaled.png\",\"width\":2560,\"height\":1281,\"caption\":\"Lune des Fleurs\"},\"image\":{\"@id\":\"https:\/\/lunedesfleurs.fr\/#\/schema\/logo\/image\/\"},\"sameAs\":[\"https:\/\/www.facebook.com\/lunedesfleurs.fr\",\"https:\/\/www.instagram.com\/lunedesfleurs.fr\/\"]}]}<\/script>\n<!-- \/ Yoast SEO plugin. -->","yoast_head_json":{"title":"Bulle f\u00e9\u00e9rique Gnomes - Lune des Fleurs","robots":{"index":"index","follow":"follow","max-snippet":"max-snippet:-1","max-image-preview":"max-image-preview:large","max-video-preview":"max-video-preview:-1"},"canonical":"https:\/\/lunedesfleurs.fr\/index.php\/produit\/bulle-feerique-gnomes\/","og_locale":"fr_FR","og_type":"article","og_title":"Bulle f\u00e9\u00e9rique Gnomes - Lune des Fleurs","og_description":"Monde f\u00e9\u00e9rique mis en jarre  El\u00e9ments : Gnome fait main en p\u00e2te autodurcissante et acrylique  avec LED.  hauteur 30 cm environ","og_url":"https:\/\/lunedesfleurs.fr\/index.php\/produit\/bulle-feerique-gnomes\/","og_site_name":"Lune des Fleurs","article_publisher":"https:\/\/www.facebook.com\/lunedesfleurs.fr","article_modified_time":"2025-11-02T22:37:17+00:00","og_image":[{"width":2560,"height":2179,"url":"https:\/\/lunedesfleurs.fr\/wp-content\/uploads\/2025\/10\/gnome-vert-scaled.jpg","type":"image\/jpeg"}],"twitter_card":"summary_large_image","schema":{"@context":"https:\/\/schema.org","@graph":[{"@type":"WebPage","@id":"https:\/\/lunedesfleurs.fr\/index.php\/produit\/bulle-feerique-gnomes\/","url":"https:\/\/lunedesfleurs.fr\/index.php\/produit\/bulle-feerique-gnomes\/","name":"Bulle f\u00e9\u00e9rique Gnomes - Lune des Fleurs","isPartOf":{"@id":"https:\/\/lunedesfleurs.fr\/#website"},"primaryImageOfPage":{"@id":"https:\/\/lunedesfleurs.fr\/index.php\/produit\/bulle-feerique-gnomes\/#primaryimage"},"image":{"@id":"https:\/\/lunedesfleurs.fr\/index.php\/produit\/bulle-feerique-gnomes\/#primaryimage"},"thumbnailUrl":"https:\/\/lunedesfleurs.fr\/wp-content\/uploads\/2025\/10\/gnome-vert-scaled.jpg","datePublished":"2025-11-01T19:34:17+00:00","dateModified":"2025-11-02T22:37:17+00:00","breadcrumb":{"@id":"https:\/\/lunedesfleurs.fr\/index.php\/produit\/bulle-feerique-gnomes\/#breadcrumb"},"inLanguage":"fr-FR","potentialAction":[{"@type":"ReadAction","target":["https:\/\/lunedesfleurs.fr\/index.php\/produit\/bulle-feerique-gnomes\/"]}]},{"@type":"ImageObject","inLanguage":"fr-FR","@id":"https:\/\/lunedesfleurs.fr\/index.php\/produit\/bulle-feerique-gnomes\/#primaryimage","url":"https:\/\/lunedesfleurs.fr\/wp-content\/uploads\/2025\/10\/gnome-vert-scaled.jpg","contentUrl":"https:\/\/lunedesfleurs.fr\/wp-content\/uploads\/2025\/10\/gnome-vert-scaled.jpg","width":2560,"height":2179,"caption":"Bulle f\u00e9\u00e9rique en jarre avec gnome vert fait main"},{"@type":"BreadcrumbList","@id":"https:\/\/lunedesfleurs.fr\/index.php\/produit\/bulle-feerique-gnomes\/#breadcrumb","itemListElement":[{"@type":"ListItem","position":1,"name":"Accueil","item":"https:\/\/lunedesfleurs.fr\/"},{"@type":"ListItem","position":2,"name":"Boutique","item":"https:\/\/lunedesfleurs.fr\/index.php\/boutique\/"},{"@type":"ListItem","position":3,"name":"Bulle f\u00e9\u00e9rique Gnomes"}]},{"@type":"WebSite","@id":"https:\/\/lunedesfleurs.fr\/#website","url":"https:\/\/lunedesfleurs.fr\/","name":"Lune des Fleurs","description":"Cr\u00e9ations fran\u00e7aises - Fait main avec C\u0153ur, Intention et un soup\u00e7on de Magie","publisher":{"@id":"https:\/\/lunedesfleurs.fr\/#organization"},"potentialAction":[{"@type":"SearchAction","target":{"@type":"EntryPoint","urlTemplate":"https:\/\/lunedesfleurs.fr\/?s={search_term_string}"},"query-input":{"@type":"PropertyValueSpecification","valueRequired":true,"valueName":"search_term_string"}}],"inLanguage":"fr-FR"},{"@type":"Organization","@id":"https:\/\/lunedesfleurs.fr\/#organization","name":"Lune des Fleurs","url":"https:\/\/lunedesfleurs.fr\/","logo":{"@type":"ImageObject","inLanguage":"fr-FR","@id":"https:\/\/lunedesfleurs.fr\/#\/schema\/logo\/image\/","url":"https:\/\/lunedesfleurs.fr\/wp-content\/uploads\/2025\/11\/LDF_LOGO_HORIZ_RVB_BN_F_TRANS-scaled.png","contentUrl":"https:\/\/lunedesfleurs.fr\/wp-content\/uploads\/2025\/11\/LDF_LOGO_HORIZ_RVB_BN_F_TRANS-scaled.png","width":2560,"height":1281,"caption":"Lune des Fleurs"},"image":{"@id":"https:\/\/lunedesfleurs.fr\/#\/schema\/logo\/image\/"},"sameAs":["https:\/\/www.facebook.com\/lunedesfleurs.fr","https:\/\/www.instagram.com\/lunedesfleurs.fr\/"]}]}},"jetpack_sharing_enabled":true,"_links":{"self":[{"href":"https:\/\/lunedesfleurs.fr\/index.php\/wp-json\/wp\/v2\/product\/1564","targetHints":{"allow":["GET"]}}],"collection":[{"href":"https:\/\/lunedesfleurs.fr\/index.php\/wp-json\/wp\/v2\/product"}],"about":[{"href":"https:\/\/lunedesfleurs.fr\/index.php\/wp-json\/wp\/v2\/types\/product"}],"replies":[{"embeddable":true,"href":"https:\/\/lunedesfleurs.fr\/index.php\/wp-json\/wp\/v2\/comments?post=1564"}],"wp:featuredmedia":[{"embeddable":true,"href":"https:\/\/lunedesfleurs.fr\/index.php\/wp-json\/wp\/v2\/media\/1661"}],"wp:attachment":[{"href":"https:\/\/lunedesfleurs.fr\/index.php\/wp-json\/wp\/v2\/media?parent=1564"}],"wp:term":[{"taxonomy":"product_brand","embeddable":true,"href":"https:\/\/lunedesfleurs.fr\/index.php\/wp-json\/wp\/v2\/product_brand?post=1564"},{"taxonomy":"product_cat","embeddable":true,"href":"https:\/\/lunedesfleurs.fr\/index.php\/wp-json\/wp\/v2\/product_cat?post=1564"},{"taxonomy":"product_tag","embeddable":true,"href":"https:\/\/lunedesfleurs.fr\/index.php\/wp-json\/wp\/v2\/product_tag?post=1564"}],"curies":[{"name":"wp","href":"https:\/\/api.w.org\/{rel}","templated":true}]}}