{"id":1649,"date":"2025-11-01T20:34:17","date_gmt":"2025-11-01T19:34:17","guid":{"rendered":"https:\/\/lunedesfleurs.fr\/?post_type=product&#038;p=1649"},"modified":"2025-11-02T23:44:40","modified_gmt":"2025-11-02T22:44:40","slug":"cercle-enchante-amour-et-apaisement","status":"publish","type":"product","link":"https:\/\/lunedesfleurs.fr\/index.php\/produit\/cercle-enchante-amour-et-apaisement\/","title":{"rendered":"Cercle enchant\u00e9 Amour et apaisement"},"content":{"rendered":"<p>Couronne suspendue de 30 cm de diam\u00e8tre environ compos\u00e9e avec des v\u00e9g\u00e9taux stabilis\u00e9s et s\u00e9ch\u00e9s, pierres naturelles et perles.<\/p>\n<p>Cr\u00e9\u00e9 avec une intention d&rsquo;apaisement et d&rsquo;amour de soi, j&rsquo;ai choisi la couleur rose pastel et le quartz rose pour amplifier ces \u00e9nergies.<\/p>\n<p>Id\u00e9al cadeau, d\u00e9coration int\u00e9rieure, anniversaire, No\u00ebl, f\u00eate des m\u00e8res.<\/p>\n","protected":false},"excerpt":{"rendered":"<p>Couronne suspendue compos\u00e9e avec des v\u00e9g\u00e9taux stabilis\u00e9s et s\u00e9ch\u00e9s, pierres naturelles et perles.<\/p>\n<p>Rose pastel et le quartz rose<\/p>\n<p>Intention d&rsquo;apaisement et d&rsquo;amour de soi<\/p>\n<p>30 cm de diam\u00e8tre environ<\/p>\n","protected":false},"featured_media":1650,"comment_status":"open","ping_status":"closed","template":"","meta":[],"product_brand":[],"product_cat":[67,31],"product_tag":[],"class_list":{"0":"post-1649","1":"product","2":"type-product","3":"status-publish","4":"has-post-thumbnail","6":"product_cat-cercleenchante","7":"product_cat-monde-feerique","9":"first","10":"instock","11":"shipping-taxable","12":"purchasable","13":"product-type-simple"},"yoast_head":"<!-- This site is optimized with the Yoast SEO plugin v26.8 - https:\/\/yoast.com\/product\/yoast-seo-wordpress\/ -->\n<title>Cercle enchant\u00e9 Amour et apaisement - Lune des Fleurs<\/title>\n<meta name=\"robots\" content=\"index, follow, max-snippet:-1, max-image-preview:large, max-video-preview:-1\" \/>\n<link rel=\"canonical\" href=\"https:\/\/lunedesfleurs.fr\/index.php\/produit\/cercle-enchante-amour-et-apaisement\/\" \/>\n<meta property=\"og:locale\" content=\"fr_FR\" \/>\n<meta property=\"og:type\" content=\"article\" \/>\n<meta property=\"og:title\" content=\"Cercle enchant\u00e9 Amour et apaisement - Lune des Fleurs\" \/>\n<meta property=\"og:description\" content=\"Couronne suspendue compos\u00e9e avec des v\u00e9g\u00e9taux stabilis\u00e9s et s\u00e9ch\u00e9s, pierres naturelles et perles.  Rose pastel et le quartz rose  Intention d&#039;apaisement et d&#039;amour de soi  30 cm de diam\u00e8tre environ\" \/>\n<meta property=\"og:url\" content=\"https:\/\/lunedesfleurs.fr\/index.php\/produit\/cercle-enchante-amour-et-apaisement\/\" \/>\n<meta property=\"og:site_name\" content=\"Lune des Fleurs\" \/>\n<meta property=\"article:publisher\" content=\"https:\/\/www.facebook.com\/lunedesfleurs.fr\" \/>\n<meta property=\"article:modified_time\" content=\"2025-11-02T22:44:40+00:00\" \/>\n<meta property=\"og:image\" content=\"https:\/\/lunedesfleurs.fr\/wp-content\/uploads\/2025\/10\/Amour-et-apaisement-1-scaled.jpg\" \/>\n\t<meta property=\"og:image:width\" content=\"2560\" \/>\n\t<meta property=\"og:image:height\" content=\"2371\" \/>\n\t<meta property=\"og:image:type\" content=\"image\/jpeg\" \/>\n<meta name=\"twitter:card\" content=\"summary_large_image\" \/>\n<script type=\"application\/ld+json\" class=\"yoast-schema-graph\">{\"@context\":\"https:\/\/schema.org\",\"@graph\":[{\"@type\":\"WebPage\",\"@id\":\"https:\/\/lunedesfleurs.fr\/index.php\/produit\/cercle-enchante-amour-et-apaisement\/\",\"url\":\"https:\/\/lunedesfleurs.fr\/index.php\/produit\/cercle-enchante-amour-et-apaisement\/\",\"name\":\"Cercle enchant\u00e9 Amour et apaisement - Lune des Fleurs\",\"isPartOf\":{\"@id\":\"https:\/\/lunedesfleurs.fr\/#website\"},\"primaryImageOfPage\":{\"@id\":\"https:\/\/lunedesfleurs.fr\/index.php\/produit\/cercle-enchante-amour-et-apaisement\/#primaryimage\"},\"image\":{\"@id\":\"https:\/\/lunedesfleurs.fr\/index.php\/produit\/cercle-enchante-amour-et-apaisement\/#primaryimage\"},\"thumbnailUrl\":\"https:\/\/lunedesfleurs.fr\/wp-content\/uploads\/2025\/10\/Amour-et-apaisement-1-scaled.jpg\",\"datePublished\":\"2025-11-01T19:34:17+00:00\",\"dateModified\":\"2025-11-02T22:44:40+00:00\",\"breadcrumb\":{\"@id\":\"https:\/\/lunedesfleurs.fr\/index.php\/produit\/cercle-enchante-amour-et-apaisement\/#breadcrumb\"},\"inLanguage\":\"fr-FR\",\"potentialAction\":[{\"@type\":\"ReadAction\",\"target\":[\"https:\/\/lunedesfleurs.fr\/index.php\/produit\/cercle-enchante-amour-et-apaisement\/\"]}]},{\"@type\":\"ImageObject\",\"inLanguage\":\"fr-FR\",\"@id\":\"https:\/\/lunedesfleurs.fr\/index.php\/produit\/cercle-enchante-amour-et-apaisement\/#primaryimage\",\"url\":\"https:\/\/lunedesfleurs.fr\/wp-content\/uploads\/2025\/10\/Amour-et-apaisement-1-scaled.jpg\",\"contentUrl\":\"https:\/\/lunedesfleurs.fr\/wp-content\/uploads\/2025\/10\/Amour-et-apaisement-1-scaled.jpg\",\"width\":2560,\"height\":2371,\"caption\":\"Couronne fleurs s\u00e9ch\u00e9es v\u00e9g\u00e9taux stabilis\u00e9s\"},{\"@type\":\"BreadcrumbList\",\"@id\":\"https:\/\/lunedesfleurs.fr\/index.php\/produit\/cercle-enchante-amour-et-apaisement\/#breadcrumb\",\"itemListElement\":[{\"@type\":\"ListItem\",\"position\":1,\"name\":\"Accueil\",\"item\":\"https:\/\/lunedesfleurs.fr\/\"},{\"@type\":\"ListItem\",\"position\":2,\"name\":\"Boutique\",\"item\":\"https:\/\/lunedesfleurs.fr\/index.php\/boutique\/\"},{\"@type\":\"ListItem\",\"position\":3,\"name\":\"Cercle enchant\u00e9 Amour et apaisement\"}]},{\"@type\":\"WebSite\",\"@id\":\"https:\/\/lunedesfleurs.fr\/#website\",\"url\":\"https:\/\/lunedesfleurs.fr\/\",\"name\":\"Lune des Fleurs\",\"description\":\"Cr\u00e9ations fran\u00e7aises - Fait main avec C\u0153ur, Intention et un soup\u00e7on de Magie\",\"publisher\":{\"@id\":\"https:\/\/lunedesfleurs.fr\/#organization\"},\"potentialAction\":[{\"@type\":\"SearchAction\",\"target\":{\"@type\":\"EntryPoint\",\"urlTemplate\":\"https:\/\/lunedesfleurs.fr\/?s={search_term_string}\"},\"query-input\":{\"@type\":\"PropertyValueSpecification\",\"valueRequired\":true,\"valueName\":\"search_term_string\"}}],\"inLanguage\":\"fr-FR\"},{\"@type\":\"Organization\",\"@id\":\"https:\/\/lunedesfleurs.fr\/#organization\",\"name\":\"Lune des Fleurs\",\"url\":\"https:\/\/lunedesfleurs.fr\/\",\"logo\":{\"@type\":\"ImageObject\",\"inLanguage\":\"fr-FR\",\"@id\":\"https:\/\/lunedesfleurs.fr\/#\/schema\/logo\/image\/\",\"url\":\"https:\/\/lunedesfleurs.fr\/wp-content\/uploads\/2025\/11\/LDF_LOGO_HORIZ_RVB_BN_F_TRANS-scaled.png\",\"contentUrl\":\"https:\/\/lunedesfleurs.fr\/wp-content\/uploads\/2025\/11\/LDF_LOGO_HORIZ_RVB_BN_F_TRANS-scaled.png\",\"width\":2560,\"height\":1281,\"caption\":\"Lune des Fleurs\"},\"image\":{\"@id\":\"https:\/\/lunedesfleurs.fr\/#\/schema\/logo\/image\/\"},\"sameAs\":[\"https:\/\/www.facebook.com\/lunedesfleurs.fr\",\"https:\/\/www.instagram.com\/lunedesfleurs.fr\/\"]}]}<\/script>\n<!-- \/ Yoast SEO plugin. -->","yoast_head_json":{"title":"Cercle enchant\u00e9 Amour et apaisement - Lune des Fleurs","robots":{"index":"index","follow":"follow","max-snippet":"max-snippet:-1","max-image-preview":"max-image-preview:large","max-video-preview":"max-video-preview:-1"},"canonical":"https:\/\/lunedesfleurs.fr\/index.php\/produit\/cercle-enchante-amour-et-apaisement\/","og_locale":"fr_FR","og_type":"article","og_title":"Cercle enchant\u00e9 Amour et apaisement - Lune des Fleurs","og_description":"Couronne suspendue compos\u00e9e avec des v\u00e9g\u00e9taux stabilis\u00e9s et s\u00e9ch\u00e9s, pierres naturelles et perles.  Rose pastel et le quartz rose  Intention d'apaisement et d'amour de soi  30 cm de diam\u00e8tre environ","og_url":"https:\/\/lunedesfleurs.fr\/index.php\/produit\/cercle-enchante-amour-et-apaisement\/","og_site_name":"Lune des Fleurs","article_publisher":"https:\/\/www.facebook.com\/lunedesfleurs.fr","article_modified_time":"2025-11-02T22:44:40+00:00","og_image":[{"width":2560,"height":2371,"url":"https:\/\/lunedesfleurs.fr\/wp-content\/uploads\/2025\/10\/Amour-et-apaisement-1-scaled.jpg","type":"image\/jpeg"}],"twitter_card":"summary_large_image","schema":{"@context":"https:\/\/schema.org","@graph":[{"@type":"WebPage","@id":"https:\/\/lunedesfleurs.fr\/index.php\/produit\/cercle-enchante-amour-et-apaisement\/","url":"https:\/\/lunedesfleurs.fr\/index.php\/produit\/cercle-enchante-amour-et-apaisement\/","name":"Cercle enchant\u00e9 Amour et apaisement - Lune des Fleurs","isPartOf":{"@id":"https:\/\/lunedesfleurs.fr\/#website"},"primaryImageOfPage":{"@id":"https:\/\/lunedesfleurs.fr\/index.php\/produit\/cercle-enchante-amour-et-apaisement\/#primaryimage"},"image":{"@id":"https:\/\/lunedesfleurs.fr\/index.php\/produit\/cercle-enchante-amour-et-apaisement\/#primaryimage"},"thumbnailUrl":"https:\/\/lunedesfleurs.fr\/wp-content\/uploads\/2025\/10\/Amour-et-apaisement-1-scaled.jpg","datePublished":"2025-11-01T19:34:17+00:00","dateModified":"2025-11-02T22:44:40+00:00","breadcrumb":{"@id":"https:\/\/lunedesfleurs.fr\/index.php\/produit\/cercle-enchante-amour-et-apaisement\/#breadcrumb"},"inLanguage":"fr-FR","potentialAction":[{"@type":"ReadAction","target":["https:\/\/lunedesfleurs.fr\/index.php\/produit\/cercle-enchante-amour-et-apaisement\/"]}]},{"@type":"ImageObject","inLanguage":"fr-FR","@id":"https:\/\/lunedesfleurs.fr\/index.php\/produit\/cercle-enchante-amour-et-apaisement\/#primaryimage","url":"https:\/\/lunedesfleurs.fr\/wp-content\/uploads\/2025\/10\/Amour-et-apaisement-1-scaled.jpg","contentUrl":"https:\/\/lunedesfleurs.fr\/wp-content\/uploads\/2025\/10\/Amour-et-apaisement-1-scaled.jpg","width":2560,"height":2371,"caption":"Couronne fleurs s\u00e9ch\u00e9es v\u00e9g\u00e9taux stabilis\u00e9s"},{"@type":"BreadcrumbList","@id":"https:\/\/lunedesfleurs.fr\/index.php\/produit\/cercle-enchante-amour-et-apaisement\/#breadcrumb","itemListElement":[{"@type":"ListItem","position":1,"name":"Accueil","item":"https:\/\/lunedesfleurs.fr\/"},{"@type":"ListItem","position":2,"name":"Boutique","item":"https:\/\/lunedesfleurs.fr\/index.php\/boutique\/"},{"@type":"ListItem","position":3,"name":"Cercle enchant\u00e9 Amour et apaisement"}]},{"@type":"WebSite","@id":"https:\/\/lunedesfleurs.fr\/#website","url":"https:\/\/lunedesfleurs.fr\/","name":"Lune des Fleurs","description":"Cr\u00e9ations fran\u00e7aises - Fait main avec C\u0153ur, Intention et un soup\u00e7on de Magie","publisher":{"@id":"https:\/\/lunedesfleurs.fr\/#organization"},"potentialAction":[{"@type":"SearchAction","target":{"@type":"EntryPoint","urlTemplate":"https:\/\/lunedesfleurs.fr\/?s={search_term_string}"},"query-input":{"@type":"PropertyValueSpecification","valueRequired":true,"valueName":"search_term_string"}}],"inLanguage":"fr-FR"},{"@type":"Organization","@id":"https:\/\/lunedesfleurs.fr\/#organization","name":"Lune des Fleurs","url":"https:\/\/lunedesfleurs.fr\/","logo":{"@type":"ImageObject","inLanguage":"fr-FR","@id":"https:\/\/lunedesfleurs.fr\/#\/schema\/logo\/image\/","url":"https:\/\/lunedesfleurs.fr\/wp-content\/uploads\/2025\/11\/LDF_LOGO_HORIZ_RVB_BN_F_TRANS-scaled.png","contentUrl":"https:\/\/lunedesfleurs.fr\/wp-content\/uploads\/2025\/11\/LDF_LOGO_HORIZ_RVB_BN_F_TRANS-scaled.png","width":2560,"height":1281,"caption":"Lune des Fleurs"},"image":{"@id":"https:\/\/lunedesfleurs.fr\/#\/schema\/logo\/image\/"},"sameAs":["https:\/\/www.facebook.com\/lunedesfleurs.fr","https:\/\/www.instagram.com\/lunedesfleurs.fr\/"]}]}},"jetpack_sharing_enabled":true,"_links":{"self":[{"href":"https:\/\/lunedesfleurs.fr\/index.php\/wp-json\/wp\/v2\/product\/1649","targetHints":{"allow":["GET"]}}],"collection":[{"href":"https:\/\/lunedesfleurs.fr\/index.php\/wp-json\/wp\/v2\/product"}],"about":[{"href":"https:\/\/lunedesfleurs.fr\/index.php\/wp-json\/wp\/v2\/types\/product"}],"replies":[{"embeddable":true,"href":"https:\/\/lunedesfleurs.fr\/index.php\/wp-json\/wp\/v2\/comments?post=1649"}],"wp:featuredmedia":[{"embeddable":true,"href":"https:\/\/lunedesfleurs.fr\/index.php\/wp-json\/wp\/v2\/media\/1650"}],"wp:attachment":[{"href":"https:\/\/lunedesfleurs.fr\/index.php\/wp-json\/wp\/v2\/media?parent=1649"}],"wp:term":[{"taxonomy":"product_brand","embeddable":true,"href":"https:\/\/lunedesfleurs.fr\/index.php\/wp-json\/wp\/v2\/product_brand?post=1649"},{"taxonomy":"product_cat","embeddable":true,"href":"https:\/\/lunedesfleurs.fr\/index.php\/wp-json\/wp\/v2\/product_cat?post=1649"},{"taxonomy":"product_tag","embeddable":true,"href":"https:\/\/lunedesfleurs.fr\/index.php\/wp-json\/wp\/v2\/product_tag?post=1649"}],"curies":[{"name":"wp","href":"https:\/\/api.w.org\/{rel}","templated":true}]}}