{"id":2013,"date":"2026-04-22T01:40:42","date_gmt":"2026-04-21T23:40:42","guid":{"rendered":"https:\/\/lunedesfleurs.fr\/?post_type=product&#038;p=2013"},"modified":"2026-04-22T01:40:42","modified_gmt":"2026-04-21T23:40:42","slug":"bougeoir-fleuri-chauve-souris","status":"publish","type":"product","link":"https:\/\/lunedesfleurs.fr\/index.php\/produit\/bougeoir-fleuri-chauve-souris\/","title":{"rendered":"Bougeoir Fleuri Chauve Souris"},"content":{"rendered":"<p>Bougeoir Fleuri chauve souris fait main en p\u00e2te autodurcissante.<\/p>\n<p>Bouteille upcycl\u00e9e.<\/p>\n<p>Fleurs s\u00e9ch\u00e9es.<\/p>\n<p><a href=\"https:\/\/lunedesfleurs.fr\/index.php\/categorie-produit\/spiritualite\/bougeoirsfleuri\/\" target=\"_blank\" rel=\"noopener\">Retour \u00e0 tous les bougeoirs fleuris<\/a><\/p>\n","protected":false},"excerpt":{"rendered":"<p><br data-mce-bogus=\"1\"><\/p>\n","protected":false},"featured_media":2000,"comment_status":"open","ping_status":"closed","template":"","meta":[],"product_brand":[],"product_cat":[69],"product_tag":[],"class_list":{"0":"post-2013","1":"product","2":"type-product","3":"status-publish","4":"has-post-thumbnail","6":"product_cat-bougeoirsfleuris","8":"first","9":"instock","10":"sold-individually","11":"shipping-taxable","12":"purchasable","13":"product-type-simple"},"yoast_head":"<!-- This site is optimized with the Yoast SEO plugin v26.8 - https:\/\/yoast.com\/product\/yoast-seo-wordpress\/ -->\n<title>Bougeoir Fleuri Chauve souris<\/title>\n<meta name=\"description\" content=\"Bougeoir fleuri chauve souris - Bouteille Upcycl\u00e9e - Fait main - Th\u00e8me Gothique fantastique - Dark gothic fantasy - Fleurs s\u00e9ch\u00e9es\" \/>\n<meta name=\"robots\" content=\"index, follow, max-snippet:-1, max-image-preview:large, max-video-preview:-1\" \/>\n<link rel=\"canonical\" href=\"https:\/\/lunedesfleurs.fr\/index.php\/produit\/bougeoir-fleuri-chauve-souris\/\" \/>\n<meta property=\"og:locale\" content=\"fr_FR\" \/>\n<meta property=\"og:type\" content=\"article\" \/>\n<meta property=\"og:title\" content=\"Bougeoir Fleuri Chauve souris\" \/>\n<meta property=\"og:description\" content=\"Bougeoir fleuri chauve souris - Bouteille Upcycl\u00e9e - Fait main - Th\u00e8me Gothique fantastique - Dark gothic fantasy - Fleurs s\u00e9ch\u00e9es\" \/>\n<meta property=\"og:url\" content=\"https:\/\/lunedesfleurs.fr\/index.php\/produit\/bougeoir-fleuri-chauve-souris\/\" \/>\n<meta property=\"og:site_name\" content=\"Lune des Fleurs\" \/>\n<meta property=\"article:publisher\" content=\"https:\/\/www.facebook.com\/lunedesfleurs.fr\" \/>\n<meta property=\"og:image\" content=\"https:\/\/lunedesfleurs.fr\/wp-content\/uploads\/2026\/04\/BF-Chauve-souris-scaled-e1776784979888.jpg\" \/>\n\t<meta property=\"og:image:width\" content=\"1600\" \/>\n\t<meta property=\"og:image:height\" content=\"1440\" \/>\n\t<meta property=\"og:image:type\" content=\"image\/jpeg\" \/>\n<meta name=\"twitter:card\" content=\"summary_large_image\" \/>\n<meta name=\"twitter:label1\" content=\"Dur\u00e9e de lecture estim\u00e9e\" \/>\n\t<meta name=\"twitter:data1\" content=\"1 minute\" \/>\n<script type=\"application\/ld+json\" class=\"yoast-schema-graph\">{\"@context\":\"https:\/\/schema.org\",\"@graph\":[{\"@type\":\"WebPage\",\"@id\":\"https:\/\/lunedesfleurs.fr\/index.php\/produit\/bougeoir-fleuri-chauve-souris\/\",\"url\":\"https:\/\/lunedesfleurs.fr\/index.php\/produit\/bougeoir-fleuri-chauve-souris\/\",\"name\":\"Bougeoir Fleuri Chauve souris\",\"isPartOf\":{\"@id\":\"https:\/\/lunedesfleurs.fr\/#website\"},\"primaryImageOfPage\":{\"@id\":\"https:\/\/lunedesfleurs.fr\/index.php\/produit\/bougeoir-fleuri-chauve-souris\/#primaryimage\"},\"image\":{\"@id\":\"https:\/\/lunedesfleurs.fr\/index.php\/produit\/bougeoir-fleuri-chauve-souris\/#primaryimage\"},\"thumbnailUrl\":\"https:\/\/lunedesfleurs.fr\/wp-content\/uploads\/2026\/04\/BF-Chauve-souris-scaled-e1776784979888.jpg\",\"datePublished\":\"2026-04-21T23:40:42+00:00\",\"description\":\"Bougeoir fleuri chauve souris - Bouteille Upcycl\u00e9e - Fait main - Th\u00e8me Gothique fantastique - Dark gothic fantasy - Fleurs s\u00e9ch\u00e9es\",\"breadcrumb\":{\"@id\":\"https:\/\/lunedesfleurs.fr\/index.php\/produit\/bougeoir-fleuri-chauve-souris\/#breadcrumb\"},\"inLanguage\":\"fr-FR\",\"potentialAction\":[{\"@type\":\"ReadAction\",\"target\":[\"https:\/\/lunedesfleurs.fr\/index.php\/produit\/bougeoir-fleuri-chauve-souris\/\"]}]},{\"@type\":\"ImageObject\",\"inLanguage\":\"fr-FR\",\"@id\":\"https:\/\/lunedesfleurs.fr\/index.php\/produit\/bougeoir-fleuri-chauve-souris\/#primaryimage\",\"url\":\"https:\/\/lunedesfleurs.fr\/wp-content\/uploads\/2026\/04\/BF-Chauve-souris-scaled-e1776784979888.jpg\",\"contentUrl\":\"https:\/\/lunedesfleurs.fr\/wp-content\/uploads\/2026\/04\/BF-Chauve-souris-scaled-e1776784979888.jpg\",\"width\":1600,\"height\":1440,\"caption\":\"Bougeoir Fleuri Chauve Souris\"},{\"@type\":\"BreadcrumbList\",\"@id\":\"https:\/\/lunedesfleurs.fr\/index.php\/produit\/bougeoir-fleuri-chauve-souris\/#breadcrumb\",\"itemListElement\":[{\"@type\":\"ListItem\",\"position\":1,\"name\":\"Accueil\",\"item\":\"https:\/\/lunedesfleurs.fr\/\"},{\"@type\":\"ListItem\",\"position\":2,\"name\":\"Boutique\",\"item\":\"https:\/\/lunedesfleurs.fr\/index.php\/boutique\/\"},{\"@type\":\"ListItem\",\"position\":3,\"name\":\"Bougeoir Fleuri Chauve Souris\"}]},{\"@type\":\"WebSite\",\"@id\":\"https:\/\/lunedesfleurs.fr\/#website\",\"url\":\"https:\/\/lunedesfleurs.fr\/\",\"name\":\"Lune des Fleurs\",\"description\":\"Cr\u00e9ations fran\u00e7aises - Fait main avec C\u0153ur, Intention et un soup\u00e7on de Magie\",\"publisher\":{\"@id\":\"https:\/\/lunedesfleurs.fr\/#organization\"},\"potentialAction\":[{\"@type\":\"SearchAction\",\"target\":{\"@type\":\"EntryPoint\",\"urlTemplate\":\"https:\/\/lunedesfleurs.fr\/?s={search_term_string}\"},\"query-input\":{\"@type\":\"PropertyValueSpecification\",\"valueRequired\":true,\"valueName\":\"search_term_string\"}}],\"inLanguage\":\"fr-FR\"},{\"@type\":\"Organization\",\"@id\":\"https:\/\/lunedesfleurs.fr\/#organization\",\"name\":\"Lune des Fleurs\",\"url\":\"https:\/\/lunedesfleurs.fr\/\",\"logo\":{\"@type\":\"ImageObject\",\"inLanguage\":\"fr-FR\",\"@id\":\"https:\/\/lunedesfleurs.fr\/#\/schema\/logo\/image\/\",\"url\":\"https:\/\/lunedesfleurs.fr\/wp-content\/uploads\/2025\/11\/LDF_LOGO_HORIZ_RVB_BN_F_TRANS-scaled.png\",\"contentUrl\":\"https:\/\/lunedesfleurs.fr\/wp-content\/uploads\/2025\/11\/LDF_LOGO_HORIZ_RVB_BN_F_TRANS-scaled.png\",\"width\":2560,\"height\":1281,\"caption\":\"Lune des Fleurs\"},\"image\":{\"@id\":\"https:\/\/lunedesfleurs.fr\/#\/schema\/logo\/image\/\"},\"sameAs\":[\"https:\/\/www.facebook.com\/lunedesfleurs.fr\",\"https:\/\/www.instagram.com\/lunedesfleurs.fr\/\"]}]}<\/script>\n<!-- \/ Yoast SEO plugin. -->","yoast_head_json":{"title":"Bougeoir Fleuri Chauve souris","description":"Bougeoir fleuri chauve souris - Bouteille Upcycl\u00e9e - Fait main - Th\u00e8me Gothique fantastique - Dark gothic fantasy - Fleurs s\u00e9ch\u00e9es","robots":{"index":"index","follow":"follow","max-snippet":"max-snippet:-1","max-image-preview":"max-image-preview:large","max-video-preview":"max-video-preview:-1"},"canonical":"https:\/\/lunedesfleurs.fr\/index.php\/produit\/bougeoir-fleuri-chauve-souris\/","og_locale":"fr_FR","og_type":"article","og_title":"Bougeoir Fleuri Chauve souris","og_description":"Bougeoir fleuri chauve souris - Bouteille Upcycl\u00e9e - Fait main - Th\u00e8me Gothique fantastique - Dark gothic fantasy - Fleurs s\u00e9ch\u00e9es","og_url":"https:\/\/lunedesfleurs.fr\/index.php\/produit\/bougeoir-fleuri-chauve-souris\/","og_site_name":"Lune des Fleurs","article_publisher":"https:\/\/www.facebook.com\/lunedesfleurs.fr","og_image":[{"width":1600,"height":1440,"url":"https:\/\/lunedesfleurs.fr\/wp-content\/uploads\/2026\/04\/BF-Chauve-souris-scaled-e1776784979888.jpg","type":"image\/jpeg"}],"twitter_card":"summary_large_image","twitter_misc":{"Dur\u00e9e de lecture estim\u00e9e":"1 minute"},"schema":{"@context":"https:\/\/schema.org","@graph":[{"@type":"WebPage","@id":"https:\/\/lunedesfleurs.fr\/index.php\/produit\/bougeoir-fleuri-chauve-souris\/","url":"https:\/\/lunedesfleurs.fr\/index.php\/produit\/bougeoir-fleuri-chauve-souris\/","name":"Bougeoir Fleuri Chauve souris","isPartOf":{"@id":"https:\/\/lunedesfleurs.fr\/#website"},"primaryImageOfPage":{"@id":"https:\/\/lunedesfleurs.fr\/index.php\/produit\/bougeoir-fleuri-chauve-souris\/#primaryimage"},"image":{"@id":"https:\/\/lunedesfleurs.fr\/index.php\/produit\/bougeoir-fleuri-chauve-souris\/#primaryimage"},"thumbnailUrl":"https:\/\/lunedesfleurs.fr\/wp-content\/uploads\/2026\/04\/BF-Chauve-souris-scaled-e1776784979888.jpg","datePublished":"2026-04-21T23:40:42+00:00","description":"Bougeoir fleuri chauve souris - Bouteille Upcycl\u00e9e - Fait main - Th\u00e8me Gothique fantastique - Dark gothic fantasy - Fleurs s\u00e9ch\u00e9es","breadcrumb":{"@id":"https:\/\/lunedesfleurs.fr\/index.php\/produit\/bougeoir-fleuri-chauve-souris\/#breadcrumb"},"inLanguage":"fr-FR","potentialAction":[{"@type":"ReadAction","target":["https:\/\/lunedesfleurs.fr\/index.php\/produit\/bougeoir-fleuri-chauve-souris\/"]}]},{"@type":"ImageObject","inLanguage":"fr-FR","@id":"https:\/\/lunedesfleurs.fr\/index.php\/produit\/bougeoir-fleuri-chauve-souris\/#primaryimage","url":"https:\/\/lunedesfleurs.fr\/wp-content\/uploads\/2026\/04\/BF-Chauve-souris-scaled-e1776784979888.jpg","contentUrl":"https:\/\/lunedesfleurs.fr\/wp-content\/uploads\/2026\/04\/BF-Chauve-souris-scaled-e1776784979888.jpg","width":1600,"height":1440,"caption":"Bougeoir Fleuri Chauve Souris"},{"@type":"BreadcrumbList","@id":"https:\/\/lunedesfleurs.fr\/index.php\/produit\/bougeoir-fleuri-chauve-souris\/#breadcrumb","itemListElement":[{"@type":"ListItem","position":1,"name":"Accueil","item":"https:\/\/lunedesfleurs.fr\/"},{"@type":"ListItem","position":2,"name":"Boutique","item":"https:\/\/lunedesfleurs.fr\/index.php\/boutique\/"},{"@type":"ListItem","position":3,"name":"Bougeoir Fleuri Chauve Souris"}]},{"@type":"WebSite","@id":"https:\/\/lunedesfleurs.fr\/#website","url":"https:\/\/lunedesfleurs.fr\/","name":"Lune des Fleurs","description":"Cr\u00e9ations fran\u00e7aises - Fait main avec C\u0153ur, Intention et un soup\u00e7on de Magie","publisher":{"@id":"https:\/\/lunedesfleurs.fr\/#organization"},"potentialAction":[{"@type":"SearchAction","target":{"@type":"EntryPoint","urlTemplate":"https:\/\/lunedesfleurs.fr\/?s={search_term_string}"},"query-input":{"@type":"PropertyValueSpecification","valueRequired":true,"valueName":"search_term_string"}}],"inLanguage":"fr-FR"},{"@type":"Organization","@id":"https:\/\/lunedesfleurs.fr\/#organization","name":"Lune des Fleurs","url":"https:\/\/lunedesfleurs.fr\/","logo":{"@type":"ImageObject","inLanguage":"fr-FR","@id":"https:\/\/lunedesfleurs.fr\/#\/schema\/logo\/image\/","url":"https:\/\/lunedesfleurs.fr\/wp-content\/uploads\/2025\/11\/LDF_LOGO_HORIZ_RVB_BN_F_TRANS-scaled.png","contentUrl":"https:\/\/lunedesfleurs.fr\/wp-content\/uploads\/2025\/11\/LDF_LOGO_HORIZ_RVB_BN_F_TRANS-scaled.png","width":2560,"height":1281,"caption":"Lune des Fleurs"},"image":{"@id":"https:\/\/lunedesfleurs.fr\/#\/schema\/logo\/image\/"},"sameAs":["https:\/\/www.facebook.com\/lunedesfleurs.fr","https:\/\/www.instagram.com\/lunedesfleurs.fr\/"]}]}},"jetpack_sharing_enabled":true,"_links":{"self":[{"href":"https:\/\/lunedesfleurs.fr\/index.php\/wp-json\/wp\/v2\/product\/2013","targetHints":{"allow":["GET"]}}],"collection":[{"href":"https:\/\/lunedesfleurs.fr\/index.php\/wp-json\/wp\/v2\/product"}],"about":[{"href":"https:\/\/lunedesfleurs.fr\/index.php\/wp-json\/wp\/v2\/types\/product"}],"replies":[{"embeddable":true,"href":"https:\/\/lunedesfleurs.fr\/index.php\/wp-json\/wp\/v2\/comments?post=2013"}],"wp:featuredmedia":[{"embeddable":true,"href":"https:\/\/lunedesfleurs.fr\/index.php\/wp-json\/wp\/v2\/media\/2000"}],"wp:attachment":[{"href":"https:\/\/lunedesfleurs.fr\/index.php\/wp-json\/wp\/v2\/media?parent=2013"}],"wp:term":[{"taxonomy":"product_brand","embeddable":true,"href":"https:\/\/lunedesfleurs.fr\/index.php\/wp-json\/wp\/v2\/product_brand?post=2013"},{"taxonomy":"product_cat","embeddable":true,"href":"https:\/\/lunedesfleurs.fr\/index.php\/wp-json\/wp\/v2\/product_cat?post=2013"},{"taxonomy":"product_tag","embeddable":true,"href":"https:\/\/lunedesfleurs.fr\/index.php\/wp-json\/wp\/v2\/product_tag?post=2013"}],"curies":[{"name":"wp","href":"https:\/\/api.w.org\/{rel}","templated":true}]}}