{"id":2021,"date":"2026-04-22T02:10:37","date_gmt":"2026-04-22T00:10:37","guid":{"rendered":"https:\/\/lunedesfleurs.fr\/?post_type=product&#038;p=2021"},"modified":"2026-04-22T02:10:37","modified_gmt":"2026-04-22T00:10:37","slug":"bain-purificateur","status":"publish","type":"product","link":"https:\/\/lunedesfleurs.fr\/index.php\/produit\/bain-purificateur\/","title":{"rendered":"Bain purificateur"},"content":{"rendered":"<p>Bain purificateur et bain d&rsquo;herbes &#8211; Mini bocal<\/p>\n<p>gros sel &#8211; romarin &#8211; \u00e9corces d&rsquo;oranges s\u00e9ch\u00e9es &#8211; laurier<\/p>\n<p>&nbsp;<\/p>\n<p>Mode d&#8217;emploi : utiliser le sel tout ou partie dans un bain d&rsquo;eau chaude.<\/p>\n<p>Laisser infuser et laisser partir les mauvaises \u00e9nergies en conscience.<\/p>\n<p>&nbsp;<\/p>\n<p>Petit plus allumer une bougie blanche et d\u00e9poser un quartz rose dans le bain ou votre main.<\/p>\n<p>&nbsp;<\/p>\n<p>Astuce : mettre le m\u00e9lange dans un sachet \u00e0 th\u00e9 pour \u00e9viter de boucher la baignoire.<\/p>\n<p><a href=\"https:\/\/lunedesfleurs.fr\/index.php\/categorie-produit\/spiritualite\/accessoiressorcieres\/\">Tous les accessoires de sorci\u00e8res par ici<\/a><\/p>\n<p>&nbsp;<\/p>\n","protected":false},"excerpt":{"rendered":"<p>Bain purificateur et bain d&rsquo;herbes &#8211; Mini bocal<\/p>\n<p>gros sel &#8211; romarin &#8211; \u00e9corces d&rsquo;oranges s\u00e9ch\u00e9es &#8211; laurier<\/p>\n<p>&nbsp;<\/p>\n<p>Mode d&#8217;emploi : utiliser le sel tout ou partie dans un bain d&rsquo;eau chaude.<\/p>\n<p>Laisser infuser et laisser partir les mauvaises \u00e9nergies en conscience.<\/p>\n","protected":false},"featured_media":2023,"comment_status":"open","ping_status":"closed","template":"","meta":[],"product_brand":[],"product_cat":[68],"product_tag":[],"class_list":{"0":"post-2021","1":"product","2":"type-product","3":"status-publish","4":"has-post-thumbnail","6":"product_cat-accessoiressorcieres","8":"first","9":"instock","10":"shipping-taxable","11":"purchasable","12":"product-type-simple"},"yoast_head":"<!-- This site is optimized with the Yoast SEO plugin v26.8 - https:\/\/yoast.com\/product\/yoast-seo-wordpress\/ -->\n<title>Bain purificateur<\/title>\n<meta name=\"description\" content=\"Bain purificateur - Bain d&#039;herbes - rituel - gros sel romarin \u00e9corces d&#039;orange laurier - Utilisation pour le bain - contre les \u00e9nergies n\u00e9gatives\" \/>\n<meta name=\"robots\" content=\"index, follow, max-snippet:-1, max-image-preview:large, max-video-preview:-1\" \/>\n<link rel=\"canonical\" href=\"https:\/\/lunedesfleurs.fr\/index.php\/produit\/bain-purificateur\/\" \/>\n<meta property=\"og:locale\" content=\"fr_FR\" \/>\n<meta property=\"og:type\" content=\"article\" \/>\n<meta property=\"og:title\" content=\"Bain purificateur\" \/>\n<meta property=\"og:description\" content=\"Bain purificateur - Bain d&#039;herbes - rituel - gros sel romarin \u00e9corces d&#039;orange laurier - Utilisation pour le bain - contre les \u00e9nergies n\u00e9gatives\" \/>\n<meta property=\"og:url\" content=\"https:\/\/lunedesfleurs.fr\/index.php\/produit\/bain-purificateur\/\" \/>\n<meta property=\"og:site_name\" content=\"Lune des Fleurs\" \/>\n<meta property=\"article:publisher\" content=\"https:\/\/www.facebook.com\/lunedesfleurs.fr\" \/>\n<meta property=\"og:image\" content=\"https:\/\/lunedesfleurs.fr\/wp-content\/uploads\/2026\/04\/bain-purif-2-1-scaled-e1776816483369.jpg\" \/>\n\t<meta property=\"og:image:width\" content=\"1600\" \/>\n\t<meta property=\"og:image:height\" content=\"1440\" \/>\n\t<meta property=\"og:image:type\" content=\"image\/jpeg\" \/>\n<meta name=\"twitter:card\" content=\"summary_large_image\" \/>\n<meta name=\"twitter:label1\" content=\"Dur\u00e9e de lecture estim\u00e9e\" \/>\n\t<meta name=\"twitter:data1\" content=\"1 minute\" \/>\n<script type=\"application\/ld+json\" class=\"yoast-schema-graph\">{\"@context\":\"https:\/\/schema.org\",\"@graph\":[{\"@type\":\"WebPage\",\"@id\":\"https:\/\/lunedesfleurs.fr\/index.php\/produit\/bain-purificateur\/\",\"url\":\"https:\/\/lunedesfleurs.fr\/index.php\/produit\/bain-purificateur\/\",\"name\":\"Bain purificateur\",\"isPartOf\":{\"@id\":\"https:\/\/lunedesfleurs.fr\/#website\"},\"primaryImageOfPage\":{\"@id\":\"https:\/\/lunedesfleurs.fr\/index.php\/produit\/bain-purificateur\/#primaryimage\"},\"image\":{\"@id\":\"https:\/\/lunedesfleurs.fr\/index.php\/produit\/bain-purificateur\/#primaryimage\"},\"thumbnailUrl\":\"https:\/\/lunedesfleurs.fr\/wp-content\/uploads\/2026\/04\/bain-purif-2-1-scaled-e1776816483369.jpg\",\"datePublished\":\"2026-04-22T00:10:37+00:00\",\"description\":\"Bain purificateur - Bain d'herbes - rituel - gros sel romarin \u00e9corces d'orange laurier - Utilisation pour le bain - contre les \u00e9nergies n\u00e9gatives\",\"breadcrumb\":{\"@id\":\"https:\/\/lunedesfleurs.fr\/index.php\/produit\/bain-purificateur\/#breadcrumb\"},\"inLanguage\":\"fr-FR\",\"potentialAction\":[{\"@type\":\"ReadAction\",\"target\":[\"https:\/\/lunedesfleurs.fr\/index.php\/produit\/bain-purificateur\/\"]}]},{\"@type\":\"ImageObject\",\"inLanguage\":\"fr-FR\",\"@id\":\"https:\/\/lunedesfleurs.fr\/index.php\/produit\/bain-purificateur\/#primaryimage\",\"url\":\"https:\/\/lunedesfleurs.fr\/wp-content\/uploads\/2026\/04\/bain-purif-2-1-scaled-e1776816483369.jpg\",\"contentUrl\":\"https:\/\/lunedesfleurs.fr\/wp-content\/uploads\/2026\/04\/bain-purif-2-1-scaled-e1776816483369.jpg\",\"width\":1600,\"height\":1440,\"caption\":\"bain purificateur\"},{\"@type\":\"BreadcrumbList\",\"@id\":\"https:\/\/lunedesfleurs.fr\/index.php\/produit\/bain-purificateur\/#breadcrumb\",\"itemListElement\":[{\"@type\":\"ListItem\",\"position\":1,\"name\":\"Accueil\",\"item\":\"https:\/\/lunedesfleurs.fr\/\"},{\"@type\":\"ListItem\",\"position\":2,\"name\":\"Boutique\",\"item\":\"https:\/\/lunedesfleurs.fr\/index.php\/boutique\/\"},{\"@type\":\"ListItem\",\"position\":3,\"name\":\"Bain purificateur\"}]},{\"@type\":\"WebSite\",\"@id\":\"https:\/\/lunedesfleurs.fr\/#website\",\"url\":\"https:\/\/lunedesfleurs.fr\/\",\"name\":\"Lune des Fleurs\",\"description\":\"Cr\u00e9ations fran\u00e7aises - Fait main avec C\u0153ur, Intention et un soup\u00e7on de Magie\",\"publisher\":{\"@id\":\"https:\/\/lunedesfleurs.fr\/#organization\"},\"potentialAction\":[{\"@type\":\"SearchAction\",\"target\":{\"@type\":\"EntryPoint\",\"urlTemplate\":\"https:\/\/lunedesfleurs.fr\/?s={search_term_string}\"},\"query-input\":{\"@type\":\"PropertyValueSpecification\",\"valueRequired\":true,\"valueName\":\"search_term_string\"}}],\"inLanguage\":\"fr-FR\"},{\"@type\":\"Organization\",\"@id\":\"https:\/\/lunedesfleurs.fr\/#organization\",\"name\":\"Lune des Fleurs\",\"url\":\"https:\/\/lunedesfleurs.fr\/\",\"logo\":{\"@type\":\"ImageObject\",\"inLanguage\":\"fr-FR\",\"@id\":\"https:\/\/lunedesfleurs.fr\/#\/schema\/logo\/image\/\",\"url\":\"https:\/\/lunedesfleurs.fr\/wp-content\/uploads\/2025\/11\/LDF_LOGO_HORIZ_RVB_BN_F_TRANS-scaled.png\",\"contentUrl\":\"https:\/\/lunedesfleurs.fr\/wp-content\/uploads\/2025\/11\/LDF_LOGO_HORIZ_RVB_BN_F_TRANS-scaled.png\",\"width\":2560,\"height\":1281,\"caption\":\"Lune des Fleurs\"},\"image\":{\"@id\":\"https:\/\/lunedesfleurs.fr\/#\/schema\/logo\/image\/\"},\"sameAs\":[\"https:\/\/www.facebook.com\/lunedesfleurs.fr\",\"https:\/\/www.instagram.com\/lunedesfleurs.fr\/\"]}]}<\/script>\n<!-- \/ Yoast SEO plugin. -->","yoast_head_json":{"title":"Bain purificateur","description":"Bain purificateur - Bain d'herbes - rituel - gros sel romarin \u00e9corces d'orange laurier - Utilisation pour le bain - contre les \u00e9nergies n\u00e9gatives","robots":{"index":"index","follow":"follow","max-snippet":"max-snippet:-1","max-image-preview":"max-image-preview:large","max-video-preview":"max-video-preview:-1"},"canonical":"https:\/\/lunedesfleurs.fr\/index.php\/produit\/bain-purificateur\/","og_locale":"fr_FR","og_type":"article","og_title":"Bain purificateur","og_description":"Bain purificateur - Bain d'herbes - rituel - gros sel romarin \u00e9corces d'orange laurier - Utilisation pour le bain - contre les \u00e9nergies n\u00e9gatives","og_url":"https:\/\/lunedesfleurs.fr\/index.php\/produit\/bain-purificateur\/","og_site_name":"Lune des Fleurs","article_publisher":"https:\/\/www.facebook.com\/lunedesfleurs.fr","og_image":[{"width":1600,"height":1440,"url":"https:\/\/lunedesfleurs.fr\/wp-content\/uploads\/2026\/04\/bain-purif-2-1-scaled-e1776816483369.jpg","type":"image\/jpeg"}],"twitter_card":"summary_large_image","twitter_misc":{"Dur\u00e9e de lecture estim\u00e9e":"1 minute"},"schema":{"@context":"https:\/\/schema.org","@graph":[{"@type":"WebPage","@id":"https:\/\/lunedesfleurs.fr\/index.php\/produit\/bain-purificateur\/","url":"https:\/\/lunedesfleurs.fr\/index.php\/produit\/bain-purificateur\/","name":"Bain purificateur","isPartOf":{"@id":"https:\/\/lunedesfleurs.fr\/#website"},"primaryImageOfPage":{"@id":"https:\/\/lunedesfleurs.fr\/index.php\/produit\/bain-purificateur\/#primaryimage"},"image":{"@id":"https:\/\/lunedesfleurs.fr\/index.php\/produit\/bain-purificateur\/#primaryimage"},"thumbnailUrl":"https:\/\/lunedesfleurs.fr\/wp-content\/uploads\/2026\/04\/bain-purif-2-1-scaled-e1776816483369.jpg","datePublished":"2026-04-22T00:10:37+00:00","description":"Bain purificateur - Bain d'herbes - rituel - gros sel romarin \u00e9corces d'orange laurier - Utilisation pour le bain - contre les \u00e9nergies n\u00e9gatives","breadcrumb":{"@id":"https:\/\/lunedesfleurs.fr\/index.php\/produit\/bain-purificateur\/#breadcrumb"},"inLanguage":"fr-FR","potentialAction":[{"@type":"ReadAction","target":["https:\/\/lunedesfleurs.fr\/index.php\/produit\/bain-purificateur\/"]}]},{"@type":"ImageObject","inLanguage":"fr-FR","@id":"https:\/\/lunedesfleurs.fr\/index.php\/produit\/bain-purificateur\/#primaryimage","url":"https:\/\/lunedesfleurs.fr\/wp-content\/uploads\/2026\/04\/bain-purif-2-1-scaled-e1776816483369.jpg","contentUrl":"https:\/\/lunedesfleurs.fr\/wp-content\/uploads\/2026\/04\/bain-purif-2-1-scaled-e1776816483369.jpg","width":1600,"height":1440,"caption":"bain purificateur"},{"@type":"BreadcrumbList","@id":"https:\/\/lunedesfleurs.fr\/index.php\/produit\/bain-purificateur\/#breadcrumb","itemListElement":[{"@type":"ListItem","position":1,"name":"Accueil","item":"https:\/\/lunedesfleurs.fr\/"},{"@type":"ListItem","position":2,"name":"Boutique","item":"https:\/\/lunedesfleurs.fr\/index.php\/boutique\/"},{"@type":"ListItem","position":3,"name":"Bain purificateur"}]},{"@type":"WebSite","@id":"https:\/\/lunedesfleurs.fr\/#website","url":"https:\/\/lunedesfleurs.fr\/","name":"Lune des Fleurs","description":"Cr\u00e9ations fran\u00e7aises - Fait main avec C\u0153ur, Intention et un soup\u00e7on de Magie","publisher":{"@id":"https:\/\/lunedesfleurs.fr\/#organization"},"potentialAction":[{"@type":"SearchAction","target":{"@type":"EntryPoint","urlTemplate":"https:\/\/lunedesfleurs.fr\/?s={search_term_string}"},"query-input":{"@type":"PropertyValueSpecification","valueRequired":true,"valueName":"search_term_string"}}],"inLanguage":"fr-FR"},{"@type":"Organization","@id":"https:\/\/lunedesfleurs.fr\/#organization","name":"Lune des Fleurs","url":"https:\/\/lunedesfleurs.fr\/","logo":{"@type":"ImageObject","inLanguage":"fr-FR","@id":"https:\/\/lunedesfleurs.fr\/#\/schema\/logo\/image\/","url":"https:\/\/lunedesfleurs.fr\/wp-content\/uploads\/2025\/11\/LDF_LOGO_HORIZ_RVB_BN_F_TRANS-scaled.png","contentUrl":"https:\/\/lunedesfleurs.fr\/wp-content\/uploads\/2025\/11\/LDF_LOGO_HORIZ_RVB_BN_F_TRANS-scaled.png","width":2560,"height":1281,"caption":"Lune des Fleurs"},"image":{"@id":"https:\/\/lunedesfleurs.fr\/#\/schema\/logo\/image\/"},"sameAs":["https:\/\/www.facebook.com\/lunedesfleurs.fr","https:\/\/www.instagram.com\/lunedesfleurs.fr\/"]}]}},"jetpack_sharing_enabled":true,"_links":{"self":[{"href":"https:\/\/lunedesfleurs.fr\/index.php\/wp-json\/wp\/v2\/product\/2021","targetHints":{"allow":["GET"]}}],"collection":[{"href":"https:\/\/lunedesfleurs.fr\/index.php\/wp-json\/wp\/v2\/product"}],"about":[{"href":"https:\/\/lunedesfleurs.fr\/index.php\/wp-json\/wp\/v2\/types\/product"}],"replies":[{"embeddable":true,"href":"https:\/\/lunedesfleurs.fr\/index.php\/wp-json\/wp\/v2\/comments?post=2021"}],"wp:featuredmedia":[{"embeddable":true,"href":"https:\/\/lunedesfleurs.fr\/index.php\/wp-json\/wp\/v2\/media\/2023"}],"wp:attachment":[{"href":"https:\/\/lunedesfleurs.fr\/index.php\/wp-json\/wp\/v2\/media?parent=2021"}],"wp:term":[{"taxonomy":"product_brand","embeddable":true,"href":"https:\/\/lunedesfleurs.fr\/index.php\/wp-json\/wp\/v2\/product_brand?post=2021"},{"taxonomy":"product_cat","embeddable":true,"href":"https:\/\/lunedesfleurs.fr\/index.php\/wp-json\/wp\/v2\/product_cat?post=2021"},{"taxonomy":"product_tag","embeddable":true,"href":"https:\/\/lunedesfleurs.fr\/index.php\/wp-json\/wp\/v2\/product_tag?post=2021"}],"curies":[{"name":"wp","href":"https:\/\/api.w.org\/{rel}","templated":true}]}}